{"id":240,"date":"2025-07-01T09:18:49","date_gmt":"2025-07-01T09:18:49","guid":{"rendered":"https:\/\/burgascable.bg\/?post_type=product&#038;p=240"},"modified":"2025-07-01T09:18:53","modified_gmt":"2025-07-01T09:18:53","slug":"cu","status":"publish","type":"product","link":"https:\/\/burgascable.bg\/bg\/product\/cu\/","title":{"rendered":"Cu"},"content":{"rendered":"<p><a href=\"\/wp-content\/uploads\/2025\/05\/Cu-BAKIR-TDS-TR.pdf\" target=\"_blank\" rel=\"noopener\"><img decoding=\"async\" class=\"alignnone size-full wp-image-18013\" title=\"tds\" src=\"https:\/\/demositesi3.net.tr\/wp-content\/uploads\/2025\/05\/tds-1.png\" alt=\"tds\" width=\"100\" height=\"56\" \/><\/a><\/p>\n<table width=\"1518\">\n<tbody>\n<tr>\n<td width=\"201\"><\/td>\n<td width=\"75\"><\/td>\n<td width=\"75\"><\/td>\n<td width=\"75\"><\/td>\n<td width=\"75\"><\/td>\n<td width=\"75\"><\/td>\n<td width=\"75\"><\/td>\n<td width=\"75\"><\/td>\n<td width=\"75\"><\/td>\n<td width=\"75\"><\/td>\n<td width=\"75\"><\/td>\n<td width=\"75\"><\/td>\n<td width=\"75\"><\/td>\n<td width=\"75\"><\/td>\n<td width=\"75\"><\/td>\n<td width=\"75\"><\/td>\n<td width=\"64\"><\/td>\n<td width=\"64\"><\/td>\n<td width=\"64\"><\/td>\n<\/tr>\n<tr>\n<td><\/td>\n<td><\/td>\n<td><\/td>\n<td><\/td>\n<td><\/td>\n<td><\/td>\n<td><\/td>\n<td><\/td>\n<td><\/td>\n<td><\/td>\n<td><\/td>\n<td><\/td>\n<td><\/td>\n<td><\/td>\n<td><\/td>\n<td><\/td>\n<td><\/td>\n<td><\/td>\n<td><\/td>\n<\/tr>\n<tr>\n<td>\n<table>\n<tbody>\n<tr>\n<td width=\"201\"><\/td>\n<\/tr>\n<\/tbody>\n<\/table>\n<\/td>\n<td><\/td>\n<td><\/td>\n<td><\/td>\n<td><\/td>\n<td><\/td>\n<td><\/td>\n<td><\/td>\n<td><\/td>\n<td><\/td>\n<td><\/td>\n<td><\/td>\n<td><\/td>\n<td><\/td>\n<td><\/td>\n<td><\/td>\n<td><\/td>\n<td><\/td>\n<td><\/td>\n<\/tr>\n<tr>\n<td><\/td>\n<td><\/td>\n<td><\/td>\n<td><\/td>\n<td><\/td>\n<td><\/td>\n<td><\/td>\n<td><\/td>\n<td><\/td>\n<td><\/td>\n<td><\/td>\n<td><\/td>\n<td><\/td>\n<td><\/td>\n<td><\/td>\n<td><\/td>\n<td><\/td>\n<td><\/td>\n<td><\/td>\n<\/tr>\n<tr>\n<td>Kod G\u00f6sterili\u015fi<\/td>\n<td><\/td>\n<td><\/td>\n<td><\/td>\n<td><\/td>\n<td><\/td>\n<td><\/td>\n<td><\/td>\n<td><\/td>\n<td><\/td>\n<td><\/td>\n<td><\/td>\n<td><\/td>\n<td><\/td>\n<td><\/td>\n<td><\/td>\n<td><\/td>\n<td><\/td>\n<td><\/td>\n<\/tr>\n<tr>\n<td colspan=\"2\">B\u00fck\u00fcl\u00fc Bak\u0131r \u0130letken<\/td>\n<td><\/td>\n<td><\/td>\n<td><\/td>\n<td><\/td>\n<td><\/td>\n<td><\/td>\n<td><\/td>\n<td><\/td>\n<td><\/td>\n<td><\/td>\n<td><\/td>\n<td><\/td>\n<td><\/td>\n<td><\/td>\n<td><\/td>\n<td><\/td>\n<td><\/td>\n<\/tr>\n<tr>\n<td><\/td>\n<td><\/td>\n<td><\/td>\n<td><\/td>\n<td><\/td>\n<td><\/td>\n<td><\/td>\n<td><\/td>\n<td><\/td>\n<td><\/td>\n<td><\/td>\n<td><\/td>\n<td><\/td>\n<td><\/td>\n<td><\/td>\n<td><\/td>\n<td><\/td>\n<td><\/td>\n<td><\/td>\n<\/tr>\n<tr>\n<td>Standart<\/td>\n<td><\/td>\n<td><\/td>\n<td><\/td>\n<td><\/td>\n<td><\/td>\n<td><\/td>\n<td><\/td>\n<td><\/td>\n<td><\/td>\n<td><\/td>\n<td><\/td>\n<td><\/td>\n<td><\/td>\n<td><\/td>\n<td><\/td>\n<td><\/td>\n<td><\/td>\n<td><\/td>\n<\/tr>\n<tr>\n<td>IEC 60228<\/td>\n<td><\/td>\n<td><\/td>\n<td><\/td>\n<td><\/td>\n<td><\/td>\n<td><\/td>\n<td colspan=\"2\">\u0130letken<\/td>\n<td><\/td>\n<td><\/td>\n<td><\/td>\n<td><\/td>\n<td><\/td>\n<td><\/td>\n<td><\/td>\n<td><\/td>\n<td><\/td>\n<td><\/td>\n<\/tr>\n<tr>\n<td>TS 3<\/td>\n<td><\/td>\n<td><\/td>\n<td><\/td>\n<td><\/td>\n<td><\/td>\n<td><\/td>\n<td colspan=\"7\">Bak\u0131r \u0130letkenler &#8211; Havai Hatlarda Kullan\u0131lan<\/td>\n<td><\/td>\n<td><\/td>\n<td><\/td>\n<td><\/td>\n<td><\/td>\n<\/tr>\n<tr>\n<td><\/td>\n<td><\/td>\n<td><\/td>\n<td><\/td>\n<td><\/td>\n<td><\/td>\n<td><\/td>\n<td><\/td>\n<td><\/td>\n<td><\/td>\n<td><\/td>\n<td><\/td>\n<td><\/td>\n<td><\/td>\n<td><\/td>\n<td><\/td>\n<td><\/td>\n<td><\/td>\n<td><\/td>\n<\/tr>\n<tr>\n<td><\/td>\n<td><\/td>\n<td><\/td>\n<td><\/td>\n<td><\/td>\n<td><\/td>\n<td><\/td>\n<td><\/td>\n<td><\/td>\n<td><\/td>\n<td><\/td>\n<td><\/td>\n<td><\/td>\n<td><\/td>\n<td><\/td>\n<td><\/td>\n<td><\/td>\n<td><\/td>\n<td><\/td>\n<\/tr>\n<tr>\n<td>Yap\u0131l\u0131\u015f<\/td>\n<td><\/td>\n<td><\/td>\n<td><\/td>\n<td><\/td>\n<td><\/td>\n<td><\/td>\n<td><\/td>\n<td><\/td>\n<td><\/td>\n<td><\/td>\n<td><\/td>\n<td><\/td>\n<td><\/td>\n<td><\/td>\n<td><\/td>\n<td><\/td>\n<td><\/td>\n<td><\/td>\n<\/tr>\n<tr>\n<td>S\u0131n\u0131f 2 Tipi Bak\u0131r<\/td>\n<td><\/td>\n<td><\/td>\n<td><\/td>\n<td><\/td>\n<td><\/td>\n<td><\/td>\n<td><\/td>\n<td><\/td>\n<td><\/td>\n<td><\/td>\n<td><\/td>\n<td><\/td>\n<td><\/td>\n<td><\/td>\n<td><\/td>\n<td><\/td>\n<td><\/td>\n<td><\/td>\n<\/tr>\n<tr>\n<td><\/td>\n<td><\/td>\n<td><\/td>\n<td><\/td>\n<td><\/td>\n<td><\/td>\n<td><\/td>\n<td><\/td>\n<td><\/td>\n<td><\/td>\n<td><\/td>\n<td><\/td>\n<td><\/td>\n<td><\/td>\n<td><\/td>\n<td><\/td>\n<td><\/td>\n<td><\/td>\n<td><\/td>\n<\/tr>\n<tr>\n<td colspan=\"2\">Uygulama<\/td>\n<td><\/td>\n<td><\/td>\n<td><\/td>\n<td><\/td>\n<td><\/td>\n<td><\/td>\n<td><\/td>\n<td><\/td>\n<td><\/td>\n<td><\/td>\n<td><\/td>\n<td><\/td>\n<td><\/td>\n<td><\/td>\n<td><\/td>\n<td><\/td>\n<td><\/td>\n<\/tr>\n<tr>\n<td colspan=\"5\">Havai hatlarda enerji iletiminde kullan\u0131l\u0131r.<\/td>\n<td><\/td>\n<td><\/td>\n<td><\/td>\n<td><\/td>\n<td><\/td>\n<td><\/td>\n<td><\/td>\n<td><\/td>\n<td><\/td>\n<td><\/td>\n<td><\/td>\n<td><\/td>\n<td><\/td>\n<td><\/td>\n<\/tr>\n<tr>\n<td><\/td>\n<td><\/td>\n<td><\/td>\n<td><\/td>\n<td><\/td>\n<td><\/td>\n<td><\/td>\n<td><\/td>\n<td><\/td>\n<td><\/td>\n<td><\/td>\n<td><\/td>\n<td><\/td>\n<td><\/td>\n<td><\/td>\n<td><\/td>\n<td><\/td>\n<td><\/td>\n<td><\/td>\n<\/tr>\n<tr>\n<td><\/td>\n<td><\/td>\n<td><\/td>\n<td><\/td>\n<td><\/td>\n<td><\/td>\n<td><\/td>\n<td><\/td>\n<td><\/td>\n<td><\/td>\n<td><\/td>\n<td><\/td>\n<td><\/td>\n<td><\/td>\n<td><\/td>\n<td><\/td>\n<td><\/td>\n<td><\/td>\n<td><\/td>\n<\/tr>\n<tr>\n<td rowspan=\"2\" width=\"201\">Nominal Kesit<\/td>\n<td colspan=\"3\" rowspan=\"2\" width=\"225\">Tel Say\u0131s\u0131 x \u00c7ap\u0131<br \/>\n(N2 x \u00d8 mm)<\/td>\n<td colspan=\"3\" rowspan=\"2\" width=\"225\">\u0130letken \u00c7ap\u0131<br \/>\n(mm)<\/td>\n<td colspan=\"3\" rowspan=\"2\" width=\"225\">Net A\u011f\u0131rl\u0131k<br \/>\n(kg\/km)<\/td>\n<td colspan=\"3\" rowspan=\"2\" width=\"225\">20\u00b0 de \u0130letken Direnci<br \/>\n(ohm\/km)<\/td>\n<td colspan=\"3\" rowspan=\"2\" width=\"225\">Max.Kopma Y\u00fck\u00fc<br \/>\nkN<\/td>\n<td><\/td>\n<td><\/td>\n<td><\/td>\n<\/tr>\n<tr>\n<td><\/td>\n<td><\/td>\n<td><\/td>\n<\/tr>\n<tr>\n<td><\/td>\n<td><\/td>\n<td><\/td>\n<td><\/td>\n<td><\/td>\n<td><\/td>\n<td><\/td>\n<td><\/td>\n<td><\/td>\n<td><\/td>\n<td><\/td>\n<td><\/td>\n<td><\/td>\n<td><\/td>\n<td><\/td>\n<td><\/td>\n<td><\/td>\n<td><\/td>\n<td><\/td>\n<\/tr>\n<tr>\n<td>10<\/td>\n<td colspan=\"3\">7&#215;1,32<\/td>\n<td colspan=\"3\">3,95<\/td>\n<td colspan=\"3\">85,8<\/td>\n<td colspan=\"3\">1,915<\/td>\n<td colspan=\"3\">3,96<\/td>\n<td><\/td>\n<td><\/td>\n<td><\/td>\n<\/tr>\n<tr>\n<td>16<\/td>\n<td colspan=\"3\">7&#215;1,70<\/td>\n<td colspan=\"3\">5,10<\/td>\n<td colspan=\"3\">142,4<\/td>\n<td colspan=\"3\">1,154<\/td>\n<td colspan=\"3\">6,5<\/td>\n<td><\/td>\n<td><\/td>\n<td><\/td>\n<\/tr>\n<tr>\n<td>25<\/td>\n<td colspan=\"3\">7&#215;2,12<\/td>\n<td colspan=\"3\">6,40<\/td>\n<td colspan=\"3\">221,4<\/td>\n<td colspan=\"3\">0,742<\/td>\n<td colspan=\"3\">9,99<\/td>\n<td><\/td>\n<td><\/td>\n<td><\/td>\n<\/tr>\n<tr>\n<td>35<\/td>\n<td colspan=\"3\">7&#215;2,50<\/td>\n<td colspan=\"3\">7,50<\/td>\n<td colspan=\"3\">308,0<\/td>\n<td colspan=\"3\">0,534<\/td>\n<td colspan=\"3\">13,91<\/td>\n<td><\/td>\n<td><\/td>\n<td><\/td>\n<\/tr>\n<tr>\n<td>50<\/td>\n<td colspan=\"3\">7&#215;3,00<\/td>\n<td colspan=\"3\">9,00<\/td>\n<td colspan=\"3\">443,5<\/td>\n<td colspan=\"3\">0,369<\/td>\n<td colspan=\"3\">19,57<\/td>\n<td><\/td>\n<td><\/td>\n<td><\/td>\n<\/tr>\n<tr>\n<td>70<\/td>\n<td colspan=\"3\">19&#215;2,12<\/td>\n<td colspan=\"3\">10,60<\/td>\n<td colspan=\"3\">605,2<\/td>\n<td colspan=\"3\">0,275<\/td>\n<td colspan=\"3\">26,55<\/td>\n<td><\/td>\n<td><\/td>\n<td><\/td>\n<\/tr>\n<tr>\n<td>95<\/td>\n<td colspan=\"3\">19&#215;2,50<\/td>\n<td colspan=\"3\">12,50<\/td>\n<td colspan=\"3\">841,7<\/td>\n<td colspan=\"3\">0,198<\/td>\n<td colspan=\"3\">36,93<\/td>\n<td><\/td>\n<td><\/td>\n<td><\/td>\n<\/tr>\n<tr>\n<td>120<\/td>\n<td colspan=\"3\">19&#215;2,80<\/td>\n<td colspan=\"3\">14,00<\/td>\n<td colspan=\"3\">1056,0<\/td>\n<td colspan=\"3\">0,158<\/td>\n<td colspan=\"3\">45,27<\/td>\n<td><\/td>\n<td><\/td>\n<td><\/td>\n<\/tr>\n<tr>\n<td>150<\/td>\n<td colspan=\"3\">37&#215;2,24<\/td>\n<td colspan=\"3\">15,60<\/td>\n<td colspan=\"3\">1320,0<\/td>\n<td colspan=\"3\">0,127<\/td>\n<td colspan=\"3\">57,73<\/td>\n<td><\/td>\n<td><\/td>\n<td><\/td>\n<\/tr>\n<tr>\n<td>185<\/td>\n<td colspan=\"3\">37&#215;2,50<\/td>\n<td colspan=\"3\">17,50<\/td>\n<td colspan=\"3\">1644,0<\/td>\n<td colspan=\"3\">0,102<\/td>\n<td colspan=\"3\">71,91<\/td>\n<td><\/td>\n<td><\/td>\n<td><\/td>\n<\/tr>\n<tr>\n<td>240<\/td>\n<td colspan=\"3\">61&#215;2,24<\/td>\n<td colspan=\"3\">20,10<\/td>\n<td colspan=\"3\">2179,0<\/td>\n<td colspan=\"3\">0,0770<\/td>\n<td colspan=\"3\">95,17<\/td>\n<td><\/td>\n<td><\/td>\n<td><\/td>\n<\/tr>\n<tr>\n<td>300<\/td>\n<td colspan=\"3\">61&#215;2,50<\/td>\n<td colspan=\"3\">22,50<\/td>\n<td colspan=\"3\">2715,0<\/td>\n<td colspan=\"3\">0,0620<\/td>\n<td colspan=\"3\">118,56<\/td>\n<td><\/td>\n<td><\/td>\n<td><\/td>\n<\/tr>\n<tr>\n<td>400<\/td>\n<td colspan=\"3\">61&#215;2,90<\/td>\n<td colspan=\"3\">26,10<\/td>\n<td colspan=\"3\">3670,0<\/td>\n<td colspan=\"3\">0,0470<\/td>\n<td colspan=\"3\">137,34<\/td>\n<td><\/td>\n<td><\/td>\n<td><\/td>\n<\/tr>\n<tr>\n<td>500<\/td>\n<td colspan=\"3\">61&#215;3,22<\/td>\n<td colspan=\"3\">29,00<\/td>\n<td colspan=\"3\">4510,0<\/td>\n<td colspan=\"3\">0,0366<\/td>\n<td colspan=\"3\">171,68<\/td>\n<td><\/td>\n<td><\/td>\n<td><\/td>\n<\/tr>\n<tr>\n<td><\/td>\n<td><\/td>\n<td><\/td>\n<td><\/td>\n<td><\/td>\n<td><\/td>\n<td><\/td>\n<td><\/td>\n<td><\/td>\n<td><\/td>\n<td><\/td>\n<td><\/td>\n<td><\/td>\n<td><\/td>\n<td><\/td>\n<td><\/td>\n<td><\/td>\n<td><\/td>\n<td><\/td>\n<\/tr>\n<tr>\n<td><\/td>\n<td><\/td>\n<td><\/td>\n<td><\/td>\n<td><\/td>\n<td><\/td>\n<td><\/td>\n<td><\/td>\n<td><\/td>\n<td><\/td>\n<td><\/td>\n<td><\/td>\n<td><\/td>\n<td><\/td>\n<td><\/td>\n<td><\/td>\n<td><\/td>\n<td><\/td>\n<td><\/td>\n<\/tr>\n<\/tbody>\n<\/table>","protected":false},"excerpt":{"rendered":"<p>Kod G\u00f6sterili\u015fi B\u00fck\u00fcl\u00fc Bak\u0131r \u0130letken Standart IEC 60228 \u0130letken TS 3 Bak\u0131r \u0130letkenler &#8211; Havai Hatlarda Kullan\u0131lan Yap\u0131l\u0131\u015f S\u0131n\u0131f 2 [&hellip;]<\/p>","protected":false},"featured_media":270,"template":"","meta":{"site-sidebar-layout":"default","site-content-layout":"","ast-site-content-layout":"default","site-content-style":"default","site-sidebar-style":"default","ast-global-header-display":"","ast-banner-title-visibility":"","ast-main-header-display":"","ast-hfb-above-header-display":"","ast-hfb-below-header-display":"","ast-hfb-mobile-header-display":"","site-post-title":"","ast-breadcrumbs-content":"","ast-featured-img":"","footer-sml-layout":"","ast-disable-related-posts":"","theme-transparent-header-meta":"","adv-header-id-meta":"","stick-header-meta":"","header-above-stick-meta":"","header-main-stick-meta":"","header-below-stick-meta":"","astra-migrate-meta-layouts":"default","ast-page-background-enabled":"default","ast-page-background-meta":{"desktop":{"background-color":"var(--ast-global-color-5)","background-image":"","background-repeat":"repeat","background-position":"center center","background-size":"auto","background-attachment":"scroll","background-type":"","background-media":"","overlay-type":"","overlay-color":"","overlay-opacity":"","overlay-gradient":""},"tablet":{"background-color":"","background-image":"","background-repeat":"repeat","background-position":"center center","background-size":"auto","background-attachment":"scroll","background-type":"","background-media":"","overlay-type":"","overlay-color":"","overlay-opacity":"","overlay-gradient":""},"mobile":{"background-color":"","background-image":"","background-repeat":"repeat","background-position":"center center","background-size":"auto","background-attachment":"scroll","background-type":"","background-media":"","overlay-type":"","overlay-color":"","overlay-opacity":"","overlay-gradient":""}},"ast-content-background-meta":{"desktop":{"background-color":"var(--ast-global-color-4)","background-image":"","background-repeat":"repeat","background-position":"center center","background-size":"auto","background-attachment":"scroll","background-type":"","background-media":"","overlay-type":"","overlay-color":"","overlay-opacity":"","overlay-gradient":""},"tablet":{"background-color":"var(--ast-global-color-4)","background-image":"","background-repeat":"repeat","background-position":"center center","background-size":"auto","background-attachment":"scroll","background-type":"","background-media":"","overlay-type":"","overlay-color":"","overlay-opacity":"","overlay-gradient":""},"mobile":{"background-color":"var(--ast-global-color-4)","background-image":"","background-repeat":"repeat","background-position":"center center","background-size":"auto","background-attachment":"scroll","background-type":"","background-media":"","overlay-type":"","overlay-color":"","overlay-opacity":"","overlay-gradient":""}}},"product_brand":[],"product_cat":[25],"product_tag":[],"class_list":{"0":"post-240","1":"product","2":"type-product","3":"status-publish","4":"has-post-thumbnail","6":"product_cat-copper-conductors","7":"desktop-align-left","8":"tablet-align-left","9":"mobile-align-left","11":"first","12":"instock","13":"shipping-taxable","14":"product-type-simple"},"_links":{"self":[{"href":"https:\/\/burgascable.bg\/bg\/wp-json\/wp\/v2\/product\/240","targetHints":{"allow":["GET"]}}],"collection":[{"href":"https:\/\/burgascable.bg\/bg\/wp-json\/wp\/v2\/product"}],"about":[{"href":"https:\/\/burgascable.bg\/bg\/wp-json\/wp\/v2\/types\/product"}],"wp:featuredmedia":[{"embeddable":true,"href":"https:\/\/burgascable.bg\/bg\/wp-json\/wp\/v2\/media\/270"}],"wp:attachment":[{"href":"https:\/\/burgascable.bg\/bg\/wp-json\/wp\/v2\/media?parent=240"}],"wp:term":[{"taxonomy":"product_brand","embeddable":true,"href":"https:\/\/burgascable.bg\/bg\/wp-json\/wp\/v2\/product_brand?post=240"},{"taxonomy":"product_cat","embeddable":true,"href":"https:\/\/burgascable.bg\/bg\/wp-json\/wp\/v2\/product_cat?post=240"},{"taxonomy":"product_tag","embeddable":true,"href":"https:\/\/burgascable.bg\/bg\/wp-json\/wp\/v2\/product_tag?post=240"}],"curies":[{"name":"wp","href":"https:\/\/api.w.org\/{rel}","templated":true}]}}