{"id":314,"date":"2025-07-01T09:19:08","date_gmt":"2025-07-01T09:19:08","guid":{"rendered":"https:\/\/burgascable.bg\/?post_type=product&#038;p=314"},"modified":"2025-07-01T09:19:47","modified_gmt":"2025-07-01T09:19:47","slug":"aaac","status":"publish","type":"product","link":"https:\/\/burgascable.bg\/en\/product\/aaac\/","title":{"rendered":"AAAC"},"content":{"rendered":"<p><a href=\"\/wp-content\/uploads\/2025\/05\/AAAC-TDS-TR.pdf\" target=\"_blank\" rel=\"noopener\"><img decoding=\"async\" class=\"alignnone size-full wp-image-18087\" title=\"tds\" src=\"https:\/\/demositesi3.net.tr\/wp-content\/uploads\/2025\/05\/tds-2.png\" alt=\"tds\" width=\"100\" height=\"56\" \/><\/a><\/p>\n<table width=\"1518\">\n<tbody>\n<tr>\n<td width=\"201\"><\/td>\n<td width=\"75\"><\/td>\n<td width=\"75\"><\/td>\n<td width=\"75\"><\/td>\n<td width=\"75\"><\/td>\n<td width=\"75\"><\/td>\n<td width=\"75\"><\/td>\n<td width=\"75\"><\/td>\n<td width=\"75\"><\/td>\n<td width=\"75\"><\/td>\n<td width=\"75\"><\/td>\n<td width=\"75\"><\/td>\n<td width=\"75\"><\/td>\n<td width=\"75\"><\/td>\n<td width=\"75\"><\/td>\n<td width=\"75\"><\/td>\n<td width=\"64\"><\/td>\n<td width=\"64\"><\/td>\n<td width=\"64\"><\/td>\n<\/tr>\n<tr>\n<td><\/td>\n<td><\/td>\n<td><\/td>\n<td><\/td>\n<td><\/td>\n<td><\/td>\n<td><\/td>\n<td><\/td>\n<td><\/td>\n<td><\/td>\n<td><\/td>\n<td><\/td>\n<td><\/td>\n<td><\/td>\n<td><\/td>\n<td><\/td>\n<td><\/td>\n<td><\/td>\n<td><\/td>\n<\/tr>\n<tr>\n<td><\/td>\n<td><\/td>\n<td><\/td>\n<td><\/td>\n<td><\/td>\n<td><\/td>\n<td><\/td>\n<td><\/td>\n<td><\/td>\n<td><\/td>\n<td><\/td>\n<td><\/td>\n<td><\/td>\n<td><\/td>\n<td><\/td>\n<td><\/td>\n<td><\/td>\n<td><\/td>\n<td><\/td>\n<\/tr>\n<tr>\n<td>\n<table>\n<tbody>\n<tr>\n<td width=\"201\"><\/td>\n<\/tr>\n<\/tbody>\n<\/table>\n<\/td>\n<td><\/td>\n<td><\/td>\n<td><\/td>\n<td><\/td>\n<td><\/td>\n<td><\/td>\n<td><\/td>\n<td><\/td>\n<td><\/td>\n<td><\/td>\n<td><\/td>\n<td><\/td>\n<td><\/td>\n<td><\/td>\n<td><\/td>\n<td><\/td>\n<td><\/td>\n<td><\/td>\n<\/tr>\n<tr>\n<td><\/td>\n<td><\/td>\n<td><\/td>\n<td><\/td>\n<td><\/td>\n<td><\/td>\n<td><\/td>\n<td><\/td>\n<td><\/td>\n<td><\/td>\n<td><\/td>\n<td><\/td>\n<td><\/td>\n<td><\/td>\n<td><\/td>\n<td><\/td>\n<td><\/td>\n<td><\/td>\n<td><\/td>\n<\/tr>\n<tr>\n<td><\/td>\n<td><\/td>\n<td><\/td>\n<td><\/td>\n<td><\/td>\n<td><\/td>\n<td><\/td>\n<td><\/td>\n<td><\/td>\n<td><\/td>\n<td><\/td>\n<td><\/td>\n<td><\/td>\n<td><\/td>\n<td><\/td>\n<td><\/td>\n<td><\/td>\n<td><\/td>\n<td><\/td>\n<\/tr>\n<tr>\n<td>Kod G\u00f6sterili\u015fi<\/td>\n<td><\/td>\n<td><\/td>\n<td><\/td>\n<td><\/td>\n<td><\/td>\n<td><\/td>\n<td><\/td>\n<td><\/td>\n<td><\/td>\n<td><\/td>\n<td><\/td>\n<td><\/td>\n<td><\/td>\n<td><\/td>\n<td><\/td>\n<td><\/td>\n<td><\/td>\n<td><\/td>\n<\/tr>\n<tr>\n<td colspan=\"5\">AAAC , Tam Ala\u015f\u0131ml\u0131 Aluminyum \u0130letken<\/td>\n<td><\/td>\n<td><\/td>\n<td><\/td>\n<td><\/td>\n<td><\/td>\n<td><\/td>\n<td><\/td>\n<td><\/td>\n<td><\/td>\n<td><\/td>\n<td><\/td>\n<td><\/td>\n<td><\/td>\n<td><\/td>\n<\/tr>\n<tr>\n<td><\/td>\n<td><\/td>\n<td><\/td>\n<td><\/td>\n<td><\/td>\n<td><\/td>\n<td><\/td>\n<td><\/td>\n<td><\/td>\n<td><\/td>\n<td><\/td>\n<td><\/td>\n<td><\/td>\n<td><\/td>\n<td><\/td>\n<td><\/td>\n<td><\/td>\n<td><\/td>\n<td><\/td>\n<\/tr>\n<tr>\n<td>Standart<\/td>\n<td><\/td>\n<td><\/td>\n<td><\/td>\n<td><\/td>\n<td><\/td>\n<td><\/td>\n<td><\/td>\n<td><\/td>\n<td><\/td>\n<td><\/td>\n<td><\/td>\n<td><\/td>\n<td><\/td>\n<td><\/td>\n<td><\/td>\n<td><\/td>\n<td><\/td>\n<td><\/td>\n<\/tr>\n<tr>\n<td>EN 50182<\/td>\n<td><\/td>\n<td><\/td>\n<td><\/td>\n<td><\/td>\n<td><\/td>\n<td><\/td>\n<td colspan=\"4\">Hava Hatt\u0131 \u0130letkenleri<\/td>\n<td><\/td>\n<td><\/td>\n<td><\/td>\n<td><\/td>\n<td><\/td>\n<td><\/td>\n<td><\/td>\n<td><\/td>\n<\/tr>\n<tr>\n<td><\/td>\n<td><\/td>\n<td><\/td>\n<td><\/td>\n<td><\/td>\n<td><\/td>\n<td><\/td>\n<td><\/td>\n<td><\/td>\n<td><\/td>\n<td><\/td>\n<td><\/td>\n<td><\/td>\n<td><\/td>\n<td><\/td>\n<td><\/td>\n<td><\/td>\n<td><\/td>\n<td><\/td>\n<\/tr>\n<tr>\n<td>Yap\u0131l\u0131\u015f<\/td>\n<td><\/td>\n<td><\/td>\n<td><\/td>\n<td><\/td>\n<td><\/td>\n<td><\/td>\n<td><\/td>\n<td><\/td>\n<td><\/td>\n<td><\/td>\n<td><\/td>\n<td><\/td>\n<td><\/td>\n<td><\/td>\n<td><\/td>\n<td><\/td>\n<td><\/td>\n<td><\/td>\n<\/tr>\n<tr>\n<td colspan=\"3\">S\u0131n\u0131f 2 Tipi Aluminyum \u0130letken<\/td>\n<td><\/td>\n<td><\/td>\n<td><\/td>\n<td><\/td>\n<td><\/td>\n<td><\/td>\n<td><\/td>\n<td><\/td>\n<td><\/td>\n<td><\/td>\n<td><\/td>\n<td><\/td>\n<td><\/td>\n<td><\/td>\n<td><\/td>\n<td><\/td>\n<\/tr>\n<tr>\n<td><\/td>\n<td><\/td>\n<td><\/td>\n<td><\/td>\n<td><\/td>\n<td><\/td>\n<td><\/td>\n<td><\/td>\n<td><\/td>\n<td><\/td>\n<td><\/td>\n<td><\/td>\n<td><\/td>\n<td><\/td>\n<td><\/td>\n<td><\/td>\n<td><\/td>\n<td><\/td>\n<td><\/td>\n<\/tr>\n<tr>\n<td colspan=\"2\">Uygulama<\/td>\n<td><\/td>\n<td><\/td>\n<td><\/td>\n<td><\/td>\n<td><\/td>\n<td><\/td>\n<td><\/td>\n<td><\/td>\n<td><\/td>\n<td><\/td>\n<td><\/td>\n<td><\/td>\n<td><\/td>\n<td><\/td>\n<td><\/td>\n<td><\/td>\n<td><\/td>\n<\/tr>\n<tr>\n<td colspan=\"17\">Bu iletkenler al\u00e7ak, orta ve y\u00fcksek gerilim havai hatlar\u0131nda kullan\u0131l\u0131r. AAC, mesafenin genellikle k\u0131sa oldu\u011fu ancak y\u00fcksek<\/td>\n<td><\/td>\n<td><\/td>\n<\/tr>\n<tr>\n<td colspan=\"9\">iletkenlik gerektiren kentsel alanlarda yayg\u0131n olarak kullan\u0131lmaktad\u0131r.<\/td>\n<td><\/td>\n<td><\/td>\n<td><\/td>\n<td><\/td>\n<td><\/td>\n<td><\/td>\n<td><\/td>\n<td><\/td>\n<td><\/td>\n<td><\/td>\n<\/tr>\n<tr>\n<td><\/td>\n<td><\/td>\n<td><\/td>\n<td><\/td>\n<td><\/td>\n<td><\/td>\n<td><\/td>\n<td><\/td>\n<td><\/td>\n<td><\/td>\n<td><\/td>\n<td><\/td>\n<td><\/td>\n<td><\/td>\n<td><\/td>\n<td><\/td>\n<td><\/td>\n<td><\/td>\n<td><\/td>\n<\/tr>\n<tr>\n<td><\/td>\n<td><\/td>\n<td><\/td>\n<td><\/td>\n<td><\/td>\n<td><\/td>\n<td><\/td>\n<td><\/td>\n<td><\/td>\n<td><\/td>\n<td><\/td>\n<td><\/td>\n<td><\/td>\n<td><\/td>\n<td><\/td>\n<td><\/td>\n<td><\/td>\n<td><\/td>\n<td><\/td>\n<\/tr>\n<tr>\n<td rowspan=\"2\" width=\"201\">Nominal Kesit<\/td>\n<td colspan=\"3\" rowspan=\"2\" width=\"225\">Tel Say\u0131s\u0131 x \u00c7ap\u0131<br \/>\n(N2 x \u00d8 mm)<\/td>\n<td colspan=\"3\" rowspan=\"2\" width=\"225\">\u0130letken \u00c7ap\u0131<br \/>\n(mm)<\/td>\n<td colspan=\"3\" rowspan=\"2\" width=\"225\">Net A\u011f\u0131rl\u0131k<br \/>\n(kg\/km)<\/td>\n<td colspan=\"3\" rowspan=\"2\" width=\"225\">20\u00b0 de \u0130letken Direnci<br \/>\n(ohm\/km)<\/td>\n<td colspan=\"3\" rowspan=\"2\" width=\"225\">Max.Kopma Y\u00fck\u00fc<br \/>\nkN<\/td>\n<td><\/td>\n<td><\/td>\n<td><\/td>\n<\/tr>\n<tr>\n<td><\/td>\n<td><\/td>\n<td><\/td>\n<\/tr>\n<tr>\n<td><\/td>\n<td><\/td>\n<td><\/td>\n<td><\/td>\n<td><\/td>\n<td><\/td>\n<td><\/td>\n<td><\/td>\n<td><\/td>\n<td><\/td>\n<td><\/td>\n<td><\/td>\n<td><\/td>\n<td><\/td>\n<td><\/td>\n<td><\/td>\n<td><\/td>\n<td><\/td>\n<td><\/td>\n<\/tr>\n<tr>\n<td>16<\/td>\n<td colspan=\"3\">7&#215;1,70<\/td>\n<td colspan=\"3\">5,10<\/td>\n<td colspan=\"3\">43,7<\/td>\n<td colspan=\"3\">1,91<\/td>\n<td colspan=\"3\">4,71<\/td>\n<td><\/td>\n<td><\/td>\n<td><\/td>\n<\/tr>\n<tr>\n<td>25<\/td>\n<td colspan=\"3\">7&#215;2,10<\/td>\n<td colspan=\"3\">6,30<\/td>\n<td colspan=\"3\">66,6<\/td>\n<td colspan=\"3\">1,20<\/td>\n<td colspan=\"3\">7,36<\/td>\n<td><\/td>\n<td><\/td>\n<td><\/td>\n<\/tr>\n<tr>\n<td>35<\/td>\n<td colspan=\"3\">7&#215;2,50<\/td>\n<td colspan=\"3\">9,00<\/td>\n<td colspan=\"3\">94,3<\/td>\n<td colspan=\"3\">0,87<\/td>\n<td colspan=\"3\">10,30<\/td>\n<td><\/td>\n<td><\/td>\n<td><\/td>\n<\/tr>\n<tr>\n<td>50<\/td>\n<td colspan=\"3\">7&#215;3,00<\/td>\n<td colspan=\"3\">10,50<\/td>\n<td colspan=\"3\">135,7<\/td>\n<td colspan=\"3\">0,641<\/td>\n<td colspan=\"3\">14,72<\/td>\n<td><\/td>\n<td><\/td>\n<td><\/td>\n<\/tr>\n<tr>\n<td>70<\/td>\n<td colspan=\"3\">19&#215;2,10<\/td>\n<td colspan=\"3\">10,50<\/td>\n<td colspan=\"3\">180,7<\/td>\n<td colspan=\"3\">0,443<\/td>\n<td colspan=\"3\">20,60<\/td>\n<td><\/td>\n<td><\/td>\n<td><\/td>\n<\/tr>\n<tr>\n<td>95<\/td>\n<td colspan=\"3\">19&#215;2,50<\/td>\n<td colspan=\"3\">12,50<\/td>\n<td colspan=\"3\">256,6<\/td>\n<td colspan=\"3\">0,320<\/td>\n<td colspan=\"3\">27,96<\/td>\n<td><\/td>\n<td><\/td>\n<td><\/td>\n<\/tr>\n<tr>\n<td>120<\/td>\n<td colspan=\"3\">19&#215;2,80<\/td>\n<td colspan=\"3\">14,00<\/td>\n<td colspan=\"3\">321,8<\/td>\n<td colspan=\"3\">0,253<\/td>\n<td colspan=\"3\">35,32<\/td>\n<td><\/td>\n<td><\/td>\n<td><\/td>\n<\/tr>\n<tr>\n<td>150<\/td>\n<td colspan=\"3\">37&#215;2,25<\/td>\n<td colspan=\"3\">15,80<\/td>\n<td colspan=\"3\">407,0<\/td>\n<td colspan=\"3\">0,206<\/td>\n<td colspan=\"3\">44,15<\/td>\n<td><\/td>\n<td><\/td>\n<td><\/td>\n<\/tr>\n<tr>\n<td>185<\/td>\n<td colspan=\"3\">37&#215;2,50<\/td>\n<td colspan=\"3\">17,50<\/td>\n<td colspan=\"3\">502,2<\/td>\n<td colspan=\"3\">0,164<\/td>\n<td colspan=\"3\">54,45<\/td>\n<td><\/td>\n<td><\/td>\n<td><\/td>\n<\/tr>\n<tr>\n<td>240<\/td>\n<td colspan=\"3\">61&#215;2,25<\/td>\n<td colspan=\"3\">20,30<\/td>\n<td colspan=\"3\">674,2<\/td>\n<td colspan=\"3\">0,125<\/td>\n<td colspan=\"3\">70,63<\/td>\n<td><\/td>\n<td><\/td>\n<td><\/td>\n<\/tr>\n<tr>\n<td>300<\/td>\n<td colspan=\"3\">61&#215;2,50<\/td>\n<td colspan=\"3\">22,50<\/td>\n<td colspan=\"3\">832,0<\/td>\n<td colspan=\"3\">0,100<\/td>\n<td colspan=\"3\">88,29<\/td>\n<td><\/td>\n<td><\/td>\n<td><\/td>\n<\/tr>\n<tr>\n<td><\/td>\n<td><\/td>\n<td><\/td>\n<td><\/td>\n<td><\/td>\n<td><\/td>\n<td><\/td>\n<td><\/td>\n<td><\/td>\n<td><\/td>\n<td><\/td>\n<td><\/td>\n<td><\/td>\n<td><\/td>\n<td><\/td>\n<td><\/td>\n<td><\/td>\n<td><\/td>\n<td><\/td>\n<\/tr>\n<tr>\n<td><\/td>\n<td><\/td>\n<td><\/td>\n<td><\/td>\n<td><\/td>\n<td><\/td>\n<td><\/td>\n<td><\/td>\n<td><\/td>\n<td><\/td>\n<td><\/td>\n<td><\/td>\n<td><\/td>\n<td><\/td>\n<td><\/td>\n<td><\/td>\n<td><\/td>\n<td><\/td>\n<td><\/td>\n<\/tr>\n<\/tbody>\n<\/table>\n","protected":false},"excerpt":{"rendered":"<p>Kod G\u00f6sterili\u015fi AAAC , Tam Ala\u015f\u0131ml\u0131 Aluminyum \u0130letken Standart EN 50182 Hava Hatt\u0131 \u0130letkenleri Yap\u0131l\u0131\u015f S\u0131n\u0131f 2 Tipi Aluminyum \u0130letken [&hellip;]<\/p>\n","protected":false},"featured_media":330,"template":"","meta":{"site-sidebar-layout":"default","site-content-layout":"","ast-site-content-layout":"default","site-content-style":"default","site-sidebar-style":"default","ast-global-header-display":"","ast-banner-title-visibility":"","ast-main-header-display":"","ast-hfb-above-header-display":"","ast-hfb-below-header-display":"","ast-hfb-mobile-header-display":"","site-post-title":"","ast-breadcrumbs-content":"","ast-featured-img":"","footer-sml-layout":"","ast-disable-related-posts":"","theme-transparent-header-meta":"","adv-header-id-meta":"","stick-header-meta":"","header-above-stick-meta":"","header-main-stick-meta":"","header-below-stick-meta":"","astra-migrate-meta-layouts":"default","ast-page-background-enabled":"default","ast-page-background-meta":{"desktop":{"background-color":"var(--ast-global-color-5)","background-image":"","background-repeat":"repeat","background-position":"center center","background-size":"auto","background-attachment":"scroll","background-type":"","background-media":"","overlay-type":"","overlay-color":"","overlay-opacity":"","overlay-gradient":""},"tablet":{"background-color":"","background-image":"","background-repeat":"repeat","background-position":"center center","background-size":"auto","background-attachment":"scroll","background-type":"","background-media":"","overlay-type":"","overlay-color":"","overlay-opacity":"","overlay-gradient":""},"mobile":{"background-color":"","background-image":"","background-repeat":"repeat","background-position":"center center","background-size":"auto","background-attachment":"scroll","background-type":"","background-media":"","overlay-type":"","overlay-color":"","overlay-opacity":"","overlay-gradient":""}},"ast-content-background-meta":{"desktop":{"background-color":"var(--ast-global-color-4)","background-image":"","background-repeat":"repeat","background-position":"center center","background-size":"auto","background-attachment":"scroll","background-type":"","background-media":"","overlay-type":"","overlay-color":"","overlay-opacity":"","overlay-gradient":""},"tablet":{"background-color":"var(--ast-global-color-4)","background-image":"","background-repeat":"repeat","background-position":"center center","background-size":"auto","background-attachment":"scroll","background-type":"","background-media":"","overlay-type":"","overlay-color":"","overlay-opacity":"","overlay-gradient":""},"mobile":{"background-color":"var(--ast-global-color-4)","background-image":"","background-repeat":"repeat","background-position":"center center","background-size":"auto","background-attachment":"scroll","background-type":"","background-media":"","overlay-type":"","overlay-color":"","overlay-opacity":"","overlay-gradient":""}}},"product_brand":[],"product_cat":[30],"product_tag":[],"class_list":{"0":"post-314","1":"product","2":"type-product","3":"status-publish","4":"has-post-thumbnail","6":"product_cat-aluminum-conductors","7":"desktop-align-left","8":"tablet-align-left","9":"mobile-align-left","11":"first","12":"instock","13":"shipping-taxable","14":"product-type-simple"},"_links":{"self":[{"href":"https:\/\/burgascable.bg\/en\/wp-json\/wp\/v2\/product\/314","targetHints":{"allow":["GET"]}}],"collection":[{"href":"https:\/\/burgascable.bg\/en\/wp-json\/wp\/v2\/product"}],"about":[{"href":"https:\/\/burgascable.bg\/en\/wp-json\/wp\/v2\/types\/product"}],"wp:featuredmedia":[{"embeddable":true,"href":"https:\/\/burgascable.bg\/en\/wp-json\/wp\/v2\/media\/330"}],"wp:attachment":[{"href":"https:\/\/burgascable.bg\/en\/wp-json\/wp\/v2\/media?parent=314"}],"wp:term":[{"taxonomy":"product_brand","embeddable":true,"href":"https:\/\/burgascable.bg\/en\/wp-json\/wp\/v2\/product_brand?post=314"},{"taxonomy":"product_cat","embeddable":true,"href":"https:\/\/burgascable.bg\/en\/wp-json\/wp\/v2\/product_cat?post=314"},{"taxonomy":"product_tag","embeddable":true,"href":"https:\/\/burgascable.bg\/en\/wp-json\/wp\/v2\/product_tag?post=314"}],"curies":[{"name":"wp","href":"https:\/\/api.w.org\/{rel}","templated":true}]}}